{"id":2726,"date":"2024-02-12T14:01:33","date_gmt":"2024-02-12T13:01:33","guid":{"rendered":"https:\/\/bioweingut-wagner.de\/shop\/produkt\/cuvee-s-halbtrocken\/"},"modified":"2025-11-04T10:11:31","modified_gmt":"2025-11-04T09:11:31","slug":"cuvee-s-halbtrocken","status":"publish","type":"product","link":"https:\/\/bioweingut-wagner.de\/shop\/produkt\/cuvee-s-halbtrocken\/","title":{"rendered":"<br>Cuv\u00e9e &#8218;S&#8216; halbtrocken<br>"},"content":{"rendered":"\n<div align=\"left\"><font size=\"2\"><br \/><!-- IBGHTML --><\/p>\n<p><!-- IBGHTML -->leichtes Rotweincuv\u00e9e aus Cabernet-Franc, Cabernet-Sauvignon und Merlot. Die Trauben sind aus jungen Weinbergen per Hand gelesen<\/p>\n<p>und in der Maische vergoren. Danach lagerte der Wein im Edelstahltank. Ein leichter Rotwein mit etwas Rests\u00fc\u00dfe, ideal f\u00fcr die warme Jahreszeit. Er kann auch leicht gek\u00fchlt serviert werden.<\/p>\n<p> <\/font><\/div>\n<table WIDTH=\"60%\" BORDER=\"0\" align=\"left\" CELLPADDING=\"0\" CELLSPACING=\"0\"><\/p>\n<tr><\/p>\n<td width=\"53%\"><font size=\"-1\">Artikelnummer:<\/font><\/td>\n<td width=\"47%\"><font size=\"-1\"><strong>5a<\/strong><\/font><\/td>\n<p><\/tr>\n<tr><\/p>\n<td><font size=\"-1\">Inhalt<\/font><\/td>\n<td><font size=\"-1\"><strong>0,75 Ltr.<\/strong><\/font><\/td>\n<p><\/tr>\n<tr ALIGN=\"LEFT\"><\/p>\n<td><font size=\"-1\">Preis\/Ltr.<\/font><\/td>\n<td><font size=\"-1\"><strong>7,87 EUR pro Ltr.<\/strong><\/font><\/td>\n<p><\/tr>\n<tr><\/p>\n<td><font size=\"-1\">Weinart:<\/font><\/td>\n<td><font size=\"-1\"><strong>Rotwein<\/strong><\/font><\/td>\n<p><\/tr>\n<tr><\/p>\n<td><font size=\"-1\">Qualit&auml;tsstufe<\/font><\/td>\n<td><font size=\"-1\"><strong>Qualit\u00e4tswein<\/strong><\/font><\/td>\n<p><\/tr>\n<tr><\/p>\n<td><font size=\"-1\">Rebsorte<\/font><\/td>\n<td><font size=\"-1\"><strong>Cabernet Sauvignon<\/strong><\/font><\/td>\n<p><\/tr>\n<tr>  <\/p>\n<td><font size=\"-1\">Restzuckergehalt<\/font><\/td>\n<p>  <\/p>\n<td><font size=\"-1\"><strong>14 g\/Ltr.<\/strong><\/font><\/td>\n<p><\/tr>\n<p><\/p>\n<tr><\/p>\n<td><font size=\"-1\">Alkoholgehalt<\/font><\/td>\n<td><font size=\"-1\"><strong>12,0 Vol. %<\/strong><\/font><\/td>\n<p><\/tr>\n<p><\/p>\n<tr>\n<td><font size=\"-1\">Bio:<\/font><\/td>\n<td><font size=\"-1\"><strong>JA<\/strong><\/font><\/td>\n<\/tr>\n<p><\/p>\n<tr>\n<td><font size=\"-1\">vegan:<\/font><\/td>\n<td><font size=\"-1\"><strong>JA<\/strong><\/font><\/td>\n<\/tr>\n<p><\/p>\n<tr>\n<td><font size=\"-1\">Ursprungsland:<\/font><\/td>\n<td><font size=\"-1\"><strong><\/strong><\/font><\/td>\n<\/tr>\n<p><\/p>\n<tr>\n<td><font size=\"-1\">enth\u00e4lt Allergene:<\/font><\/td>\n<td><font size=\"-1\"><strong>Sulfite<\/strong><\/font><\/td>\n<\/tr>\n<p><\/table>\n<p>&nbsp;<\/p>\n<p><\/p>\n<p>&nbsp;<\/p>\n<p><\/p>\n<p>&nbsp;<\/p>\n<p><\/p>\n<p><font size=\"-1\" face=\"Arial, Helvetica, sans-serif\">enth\u00e4lt Sulfite<\/font><\/p>\n<p><\/p>\n","protected":false},"excerpt":{"rendered":"<p>leichtes Rotweincuv\u00e9e aus Cabernet-Franc, Cabernet-Sauvignon und Merlot. Die Trauben sind aus jungen Weinbergen per Hand gelesen und in der Maische vergoren. Danach lagerte der Wein im Edelstahltank. Ein leichter Rotwein mit etwas Rests\u00fc\u00dfe, ideal f\u00fcr die warme Jahreszeit. Er kann auch leicht gek\u00fchlt serviert werden. Artikelnummer: 5a Inhalt 0,75 Ltr. Preis\/Ltr. 7,87 EUR pro Ltr. [&hellip;]<\/p>\n","protected":false},"featured_media":2720,"comment_status":"open","ping_status":"closed","template":"","meta":[],"product_brand":[],"product_cat":[211],"product_tag":[],"class_list":{"0":"post-2726","1":"product","2":"type-product","3":"status-publish","4":"has-post-thumbnail","6":"product_cat-rotweine","8":"first","9":"instock","10":"taxable","11":"shipping-taxable","12":"purchasable","13":"product-type-simple"},"_links":{"self":[{"href":"https:\/\/bioweingut-wagner.de\/shop\/wp-json\/wp\/v2\/product\/2726","targetHints":{"allow":["GET"]}}],"collection":[{"href":"https:\/\/bioweingut-wagner.de\/shop\/wp-json\/wp\/v2\/product"}],"about":[{"href":"https:\/\/bioweingut-wagner.de\/shop\/wp-json\/wp\/v2\/types\/product"}],"replies":[{"embeddable":true,"href":"https:\/\/bioweingut-wagner.de\/shop\/wp-json\/wp\/v2\/comments?post=2726"}],"wp:featuredmedia":[{"embeddable":true,"href":"https:\/\/bioweingut-wagner.de\/shop\/wp-json\/wp\/v2\/media\/2720"}],"wp:attachment":[{"href":"https:\/\/bioweingut-wagner.de\/shop\/wp-json\/wp\/v2\/media?parent=2726"}],"wp:term":[{"taxonomy":"product_brand","embeddable":true,"href":"https:\/\/bioweingut-wagner.de\/shop\/wp-json\/wp\/v2\/product_brand?post=2726"},{"taxonomy":"product_cat","embeddable":true,"href":"https:\/\/bioweingut-wagner.de\/shop\/wp-json\/wp\/v2\/product_cat?post=2726"},{"taxonomy":"product_tag","embeddable":true,"href":"https:\/\/bioweingut-wagner.de\/shop\/wp-json\/wp\/v2\/product_tag?post=2726"}],"curies":[{"name":"wp","href":"https:\/\/api.w.org\/{rel}","templated":true}]}}